{"id":598,"date":"2025-01-04T19:45:28","date_gmt":"2025-01-04T17:45:28","guid":{"rendered":"https:\/\/maailmalla.org\/?page_id=598"},"modified":"2025-09-29T17:33:33","modified_gmt":"2025-09-29T14:33:33","slug":"blogi","status":"publish","type":"page","link":"https:\/\/maailmalla.org\/index.php\/blogi\/","title":{"rendered":"Blogi"},"content":{"rendered":"\n<p>Tunsin tarvetta my\u00f6s kirjoittaa &#8221;p\u00e4iv\u00e4kirjamaisesti&#8221;, joten p\u00e4\u00e4tin lis\u00e4t\u00e4 t\u00e4h\u00e4n sivustoon my\u00f6s Blogin. Valitettavasti matkoihin ei riit\u00e4 varat aivan niin paljon kuin itse haluaisin. El\u00e4m\u00e4ss\u00e4 kuitenkin tapahtuu koko ajan ja, jos ei tapahdukaan, niin ainakin ajatukset ja tunnelmat joka p\u00e4iv\u00e4. Loogisesti aloitin blogin siis 1.1.2025. Aiempia ajatuksia pid\u00e4n piilossa yleis\u00f6lt\u00e4.<\/p>\n\n\n\n<p>Oikein mukavia lukuhetki\u00e4 kaikille lukijoille!<\/p>\n\n\n\n<p><em>Zaltzu<\/em><\/p>\n\n\n<ul class=\"wp-block-latest-posts__list wp-block-latest-posts\"><li><a class=\"wp-block-latest-posts__post-title\" href=\"https:\/\/maailmalla.org\/index.php\/2025\/04\/25\/vahan-on-jaanyt-lokikirjoitukset-vaiheeseen\/\">V\u00e4h\u00e4n on j\u00e4\u00e4nyt lokikirjoitukset vaiheeseen<\/a><\/li>\n<li><a class=\"wp-block-latest-posts__post-title\" href=\"https:\/\/maailmalla.org\/index.php\/2025\/01\/15\/3-viikko-2025\/\">3. viikko 2025<\/a><\/li>\n<li><a class=\"wp-block-latest-posts__post-title\" href=\"https:\/\/maailmalla.org\/index.php\/2025\/01\/12\/autonostosunnuntai-12-1-2025\/\">Autonostosunnuntai 12.1.2025<\/a><\/li>\n<li><a class=\"wp-block-latest-posts__post-title\" href=\"https:\/\/maailmalla.org\/index.php\/2025\/01\/11\/lumituiskua-riittaa-11-1-2025\/\">Muka huutokauppa 11.1.2025<\/a><\/li>\n<li><a class=\"wp-block-latest-posts__post-title\" href=\"https:\/\/maailmalla.org\/index.php\/2025\/01\/10\/valipaiva-10-1-2025\/\">V\u00e4lip\u00e4iv\u00e4 10.1.2025<\/a><\/li>\n<\/ul>\n\n\n<p><\/p>\n","protected":false},"excerpt":{"rendered":"<p>Tunsin tarvetta my\u00f6s kirjoittaa &#8221;p\u00e4iv\u00e4kirjamaisesti&#8221;, joten p\u00e4\u00e4tin lis\u00e4t\u00e4 t\u00e4h\u00e4n sivustoon my\u00f6s Blogin. Valitettavasti matkoihin ei<\/p>\n","protected":false},"author":1,"featured_media":0,"parent":0,"menu_order":0,"comment_status":"closed","ping_status":"closed","template":"","meta":{"footnotes":""},"class_list":["post-598","page","type-page","status-publish","hentry"],"jetpack-related-posts":[],"jetpack_sharing_enabled":true,"_links":{"self":[{"href":"https:\/\/maailmalla.org\/index.php\/wp-json\/wp\/v2\/pages\/598","targetHints":{"allow":["GET"]}}],"collection":[{"href":"https:\/\/maailmalla.org\/index.php\/wp-json\/wp\/v2\/pages"}],"about":[{"href":"https:\/\/maailmalla.org\/index.php\/wp-json\/wp\/v2\/types\/page"}],"author":[{"embeddable":true,"href":"https:\/\/maailmalla.org\/index.php\/wp-json\/wp\/v2\/users\/1"}],"replies":[{"embeddable":true,"href":"https:\/\/maailmalla.org\/index.php\/wp-json\/wp\/v2\/comments?post=598"}],"version-history":[{"count":9,"href":"https:\/\/maailmalla.org\/index.php\/wp-json\/wp\/v2\/pages\/598\/revisions"}],"predecessor-version":[{"id":719,"href":"https:\/\/maailmalla.org\/index.php\/wp-json\/wp\/v2\/pages\/598\/revisions\/719"}],"wp:attachment":[{"href":"https:\/\/maailmalla.org\/index.php\/wp-json\/wp\/v2\/media?parent=598"}],"curies":[{"name":"wp","href":"https:\/\/api.w.org\/{rel}","templated":true}]}}